{"id":965,"date":"2016-03-08T13:06:02","date_gmt":"2016-03-08T17:06:02","guid":{"rendered":"http:\/\/www.metalsuncgi.com\/?page_id=965"},"modified":"2016-03-08T13:06:35","modified_gmt":"2016-03-08T17:06:35","slug":"virtual-reality-vr","status":"publish","type":"page","link":"https:\/\/www.metalsuncgi.com\/es\/services\/virtual-reality-vr\/","title":{"rendered":"Realidad Virtual (RV)"},"content":{"rendered":"<p>\u00c9ste servicio est\u00e1 en desarrollo. Permita que sus clientes experimenten una inmersi\u00f3n total de su proyecto. La percepci\u00f3n mejorada de los sentidos que uno adquiere al montarse un visor de 3d le a\u00f1ade valor a su trabajo y le ayudar\u00eda a sus clientes entender su dise\u00f1o.<\/p>\n<p>Es imperativo que mantenga una buena comunicaci\u00f3n entre usted y su cliente, pero nada es mejor que poner su cliente \u201cdentro\u201d del proyecto. Le podemos proveer un modelo en 3d de su proyecto, reproducido en tiempo-real y bajo una experiencia de inmersi\u00f3n total a trav\u00e9s del visor 3d que su cliente tendr\u00e1 puesto. Ellos tendr\u00e1n la libertad para explorar, mirar y operar objetos dentro este mundo virtual. Esta ciencia ficci\u00f3n finalmente ha convergido con nuestro mundo real y ahora est\u00e1 a su alcance\u2026y de su cliente.<\/p>","protected":false},"excerpt":{"rendered":"<p>\u00c9ste servicio est\u00e1 en desarrollo. Permita que sus clientes experimenten una inmersi\u00f3n total de su proyecto. La percepci\u00f3n mejorada de los sentidos que uno adquiere al montarse un visor de 3d le a\u00f1ade valor a su trabajo y le ayudar\u00eda a sus clientes entender su dise\u00f1o. Es imperativo que mantenga una buena comunicaci\u00f3n entre usted&#8230; <\/p>\n","protected":false},"author":1,"featured_media":0,"parent":64,"menu_order":8,"comment_status":"closed","ping_status":"closed","template":"","meta":{"_exactmetrics_skip_tracking":false,"_exactmetrics_sitenote_active":false,"_exactmetrics_sitenote_note":"","_exactmetrics_sitenote_category":0,"ngg_post_thumbnail":0,"footnotes":""},"class_list":["post-965","page","type-page","status-publish","hentry"],"_links":{"self":[{"href":"https:\/\/www.metalsuncgi.com\/es\/wp-json\/wp\/v2\/pages\/965","targetHints":{"allow":["GET"]}}],"collection":[{"href":"https:\/\/www.metalsuncgi.com\/es\/wp-json\/wp\/v2\/pages"}],"about":[{"href":"https:\/\/www.metalsuncgi.com\/es\/wp-json\/wp\/v2\/types\/page"}],"author":[{"embeddable":true,"href":"https:\/\/www.metalsuncgi.com\/es\/wp-json\/wp\/v2\/users\/1"}],"replies":[{"embeddable":true,"href":"https:\/\/www.metalsuncgi.com\/es\/wp-json\/wp\/v2\/comments?post=965"}],"version-history":[{"count":2,"href":"https:\/\/www.metalsuncgi.com\/es\/wp-json\/wp\/v2\/pages\/965\/revisions"}],"predecessor-version":[{"id":967,"href":"https:\/\/www.metalsuncgi.com\/es\/wp-json\/wp\/v2\/pages\/965\/revisions\/967"}],"up":[{"embeddable":true,"href":"https:\/\/www.metalsuncgi.com\/es\/wp-json\/wp\/v2\/pages\/64"}],"wp:attachment":[{"href":"https:\/\/www.metalsuncgi.com\/es\/wp-json\/wp\/v2\/media?parent=965"}],"curies":[{"name":"wp","href":"https:\/\/api.w.org\/{rel}","templated":true}]}}