{"id":962,"date":"2016-03-08T13:04:17","date_gmt":"2016-03-08T17:04:17","guid":{"rendered":"http:\/\/www.metalsuncgi.com\/?page_id=962"},"modified":"2016-03-08T13:05:09","modified_gmt":"2016-03-08T17:05:09","slug":"real-time-rendering-rt","status":"publish","type":"page","link":"https:\/\/www.metalsuncgi.com\/es\/services\/real-time-rendering-rt\/","title":{"rendered":"Reproducciones en Tiempo-real (TR)"},"content":{"rendered":"<p>\u00c9ste servicio est\u00e1 en desarrollo. Crear un video hiper-fotorealista, \u201cvolando\u201d a trav\u00e9s de un dise\u00f1o arquitect\u00f3nico en 3d requiere equipos de computadoras tecnol\u00f3gicamente avanzadas y son costosos para producir. Pero, avances en otras tecnolog\u00edas reproducen resultados similares con mayor libertad de movimiento dentro del ambiente 3d.<\/p>\n<p>Una imagen hiper-fotorealista puede tomar horas para producirse utilizando una computadora especializada para trabajos en 3d. Un segundo de video toma 24 im\u00e1genes, pues si hace la matem\u00e1tica, una presentaci\u00f3n de 10-min requerir\u00e1 muchos recursos y tiempo para completarse.\u00a0\u00a0 Los videos son valiosos en muchas instancias, pero los dise\u00f1adores imponen l\u00edmites a lo que la audiencia puede ver. La tecnolog\u00eda de reproducciones en tiempo-real reduce la capacidad de trabajo del equipo y libera al usuario para que experimente m\u00e1s del proyecto.<\/p>\n<p>Podemos ofrecerle \u00e9ste servicio para que su cliente \u201ccamine\u201d y explore dentro de su dise\u00f1o. Se le proveer\u00e1 los archivos necesarios para su computadora y luego, usted o su cliente, podr\u00e1 explorar libremente el dise\u00f1o como si fuera un video juego. La visualizaci\u00f3n no est\u00e1 restringida como lo ser\u00eda en un video. Las reproducciones en tiempo-real tambi\u00e9n podr\u00edan utilizarse para mejorar sus esfuerzos en lograr aprobaciones financieras, notificaciones p\u00fablicas, venta de propiedades.<\/p>","protected":false},"excerpt":{"rendered":"<p>\u00c9ste servicio est\u00e1 en desarrollo. Crear un video hiper-fotorealista, \u201cvolando\u201d a trav\u00e9s de un dise\u00f1o arquitect\u00f3nico en 3d requiere equipos de computadoras tecnol\u00f3gicamente avanzadas y son costosos para producir. Pero, avances en otras tecnolog\u00edas reproducen resultados similares con mayor libertad de movimiento dentro del ambiente 3d. Una imagen hiper-fotorealista puede tomar horas para producirse utilizando&#8230; <\/p>\n","protected":false},"author":1,"featured_media":0,"parent":64,"menu_order":7,"comment_status":"closed","ping_status":"closed","template":"","meta":{"_exactmetrics_skip_tracking":false,"_exactmetrics_sitenote_active":false,"_exactmetrics_sitenote_note":"","_exactmetrics_sitenote_category":0,"ngg_post_thumbnail":0,"footnotes":""},"class_list":["post-962","page","type-page","status-publish","hentry"],"_links":{"self":[{"href":"https:\/\/www.metalsuncgi.com\/es\/wp-json\/wp\/v2\/pages\/962","targetHints":{"allow":["GET"]}}],"collection":[{"href":"https:\/\/www.metalsuncgi.com\/es\/wp-json\/wp\/v2\/pages"}],"about":[{"href":"https:\/\/www.metalsuncgi.com\/es\/wp-json\/wp\/v2\/types\/page"}],"author":[{"embeddable":true,"href":"https:\/\/www.metalsuncgi.com\/es\/wp-json\/wp\/v2\/users\/1"}],"replies":[{"embeddable":true,"href":"https:\/\/www.metalsuncgi.com\/es\/wp-json\/wp\/v2\/comments?post=962"}],"version-history":[{"count":2,"href":"https:\/\/www.metalsuncgi.com\/es\/wp-json\/wp\/v2\/pages\/962\/revisions"}],"predecessor-version":[{"id":964,"href":"https:\/\/www.metalsuncgi.com\/es\/wp-json\/wp\/v2\/pages\/962\/revisions\/964"}],"up":[{"embeddable":true,"href":"https:\/\/www.metalsuncgi.com\/es\/wp-json\/wp\/v2\/pages\/64"}],"wp:attachment":[{"href":"https:\/\/www.metalsuncgi.com\/es\/wp-json\/wp\/v2\/media?parent=962"}],"curies":[{"name":"wp","href":"https:\/\/api.w.org\/{rel}","templated":true}]}}