{"id":958,"date":"2016-03-07T21:14:58","date_gmt":"2016-03-08T01:14:58","guid":{"rendered":"http:\/\/www.metalsuncgi.com\/?page_id=958"},"modified":"2016-06-03T13:33:43","modified_gmt":"2016-06-03T17:33:43","slug":"augmented-reality-ar","status":"publish","type":"page","link":"https:\/\/www.metalsuncgi.com\/es\/services\/augmented-reality-ar\/","title":{"rendered":"Realidad Aumentada (RA)"},"content":{"rendered":"<p><img loading=\"lazy\" decoding=\"async\" class=\"alignleft wp-image-1006\" src=\"https:\/\/www.metalsuncgi.com\/wp-content\/uploads\/2016\/03\/AR-Building.jpg\" alt=\"AR-Building\" width=\"313\" height=\"209\" srcset=\"https:\/\/www.metalsuncgi.com\/wp-content\/uploads\/2016\/03\/AR-Building.jpg 600w, https:\/\/www.metalsuncgi.com\/wp-content\/uploads\/2016\/03\/AR-Building-150x100.jpg 150w, https:\/\/www.metalsuncgi.com\/wp-content\/uploads\/2016\/03\/AR-Building-300x200.jpg 300w\" sizes=\"auto, (max-width: 313px) 100vw, 313px\" \/><\/p>\n<p>Cuando ya no es pr\u00e1ctico experimentar una presentaci\u00f3n en realidad virtual, entonces la RA podr\u00e1 suplementar su trabajo. Es la integraci\u00f3n de la informaci\u00f3n digital\u00a0dentro del ambiente del usuario\u00a0en tiempo real. Permita que sus clientes vean la vida real mejorada con sus dise\u00f1os en 3d sobre sus manos o escritorios como si fueran hologramas.<\/p>\n<p>Complemente sus servicios con la RA. Tenga su audiencia enfocada a trav\u00e9s de sus tel\u00e9fonos inteligentes, tabletas o computadoras con dise\u00f1os literalmente en sus dedos, a escala y geo-localizados en la propiedad donde se ser\u00e1 construido. Mediante una \u201caplicaci\u00f3n\u201d, sus clientes tendr\u00e1n acceso a sus dise\u00f1os actualizados desde cualquier lugar. Es ciertamente otra experiencia que brinda mucha informaci\u00f3n.<\/p>","protected":false},"excerpt":{"rendered":"<p>Cuando ya no es pr\u00e1ctico experimentar una presentaci\u00f3n en realidad virtual, entonces la RA podr\u00e1 suplementar su trabajo. Es la integraci\u00f3n de la informaci\u00f3n digital\u00a0dentro del ambiente del usuario\u00a0en tiempo real. Permita que sus clientes vean la vida real mejorada con sus dise\u00f1os en 3d sobre sus manos o escritorios como si fueran hologramas. Complemente&#8230; <\/p>\n","protected":false},"author":1,"featured_media":0,"parent":64,"menu_order":6,"comment_status":"closed","ping_status":"closed","template":"","meta":{"_exactmetrics_skip_tracking":false,"_exactmetrics_sitenote_active":false,"_exactmetrics_sitenote_note":"","_exactmetrics_sitenote_category":0,"ngg_post_thumbnail":0,"footnotes":""},"class_list":["post-958","page","type-page","status-publish","hentry"],"_links":{"self":[{"href":"https:\/\/www.metalsuncgi.com\/es\/wp-json\/wp\/v2\/pages\/958","targetHints":{"allow":["GET"]}}],"collection":[{"href":"https:\/\/www.metalsuncgi.com\/es\/wp-json\/wp\/v2\/pages"}],"about":[{"href":"https:\/\/www.metalsuncgi.com\/es\/wp-json\/wp\/v2\/types\/page"}],"author":[{"embeddable":true,"href":"https:\/\/www.metalsuncgi.com\/es\/wp-json\/wp\/v2\/users\/1"}],"replies":[{"embeddable":true,"href":"https:\/\/www.metalsuncgi.com\/es\/wp-json\/wp\/v2\/comments?post=958"}],"version-history":[{"count":11,"href":"https:\/\/www.metalsuncgi.com\/es\/wp-json\/wp\/v2\/pages\/958\/revisions"}],"predecessor-version":[{"id":1013,"href":"https:\/\/www.metalsuncgi.com\/es\/wp-json\/wp\/v2\/pages\/958\/revisions\/1013"}],"up":[{"embeddable":true,"href":"https:\/\/www.metalsuncgi.com\/es\/wp-json\/wp\/v2\/pages\/64"}],"wp:attachment":[{"href":"https:\/\/www.metalsuncgi.com\/es\/wp-json\/wp\/v2\/media?parent=958"}],"curies":[{"name":"wp","href":"https:\/\/api.w.org\/{rel}","templated":true}]}}