{"id":88,"date":"2016-01-24T15:16:06","date_gmt":"2016-01-24T19:16:06","guid":{"rendered":"http:\/\/www.metalsuncgi.com\/?page_id=88"},"modified":"2018-03-26T08:51:17","modified_gmt":"2018-03-26T12:51:17","slug":"about-2","status":"publish","type":"page","link":"https:\/\/www.metalsuncgi.com\/es\/about-2\/","title":{"rendered":"Sobre Nosotros"},"content":{"rendered":"<p><img loading=\"lazy\" decoding=\"async\" class=\"alignleft wp-image-778\" src=\"https:\/\/www.metalsuncgi.com\/wp-content\/uploads\/2016\/02\/Metalsun-Logo-512x512-150x150.png\" alt=\"Metalsun-Logo-512x512\" width=\"115\" height=\"115\" srcset=\"https:\/\/www.metalsuncgi.com\/wp-content\/uploads\/2016\/02\/Metalsun-Logo-512x512-150x150.png 150w, https:\/\/www.metalsuncgi.com\/wp-content\/uploads\/2016\/02\/Metalsun-Logo-512x512-300x300.png 300w, https:\/\/www.metalsuncgi.com\/wp-content\/uploads\/2016\/02\/Metalsun-Logo-512x512.png 512w\" sizes=\"auto, (max-width: 115px) 100vw, 115px\" \/><\/p>\n<p>METALSUN es una firma puertoriqu\u00f1a que provee servicios de <strong>im\u00e1genes hiperrealistas <\/strong>en 3D de alta calidad, lo cual hace imposible diferenciar entre un dibujo y una fotograf\u00eda, esto sin uso de foto montajes.<\/p>\n<p>El principal beneficio del servicio, es el ahorro de capital al desarrollar un dise\u00f1o. Se minimiza el costo de fabricaci\u00f3n y mano de obra de prototipos o espacios completos, elimina la contrataci\u00f3n de fot\u00f3grafos y la coordinaci\u00f3n que esto implica.<\/p>\n<p>METALSUN desarrolla im\u00e1genes para la arquitectura, el interiorismo, publicidad y dise\u00f1o de productos en formatos de: im\u00e1genes fijas y a 360 grados, Realidad Aumentada (AR), Tiempo-Real (RT) y Realidad Virtual (VR).<\/p>\n<p>Dejo nuestra informaci\u00f3n de contacto y direcci\u00f3n en el internet para que pueda evaluar la calidad de trabajo que METALSUN le puede brindar a sus clientes. Comun\u00edquese con nosotros para pautar una presentaci\u00f3n si desea conocer m\u00e1s de Metalsun y tenernos como una fuente de talento 3D para el futuro.<\/p>\n<p>&nbsp;<\/p>","protected":false},"excerpt":{"rendered":"<p>METALSUN es una firma puertoriqu\u00f1a que provee servicios de im\u00e1genes hiperrealistas en 3D de alta calidad, lo cual hace imposible diferenciar entre un dibujo y una fotograf\u00eda, esto sin uso de foto montajes. El principal beneficio del servicio, es el ahorro de capital al desarrollar un dise\u00f1o. Se minimiza el costo de fabricaci\u00f3n y mano&#8230; <\/p>\n","protected":false},"author":1,"featured_media":0,"parent":0,"menu_order":3,"comment_status":"closed","ping_status":"closed","template":"","meta":{"_exactmetrics_skip_tracking":false,"_exactmetrics_sitenote_active":false,"_exactmetrics_sitenote_note":"","_exactmetrics_sitenote_category":0,"ngg_post_thumbnail":0,"footnotes":""},"class_list":["post-88","page","type-page","status-publish","hentry"],"_links":{"self":[{"href":"https:\/\/www.metalsuncgi.com\/es\/wp-json\/wp\/v2\/pages\/88","targetHints":{"allow":["GET"]}}],"collection":[{"href":"https:\/\/www.metalsuncgi.com\/es\/wp-json\/wp\/v2\/pages"}],"about":[{"href":"https:\/\/www.metalsuncgi.com\/es\/wp-json\/wp\/v2\/types\/page"}],"author":[{"embeddable":true,"href":"https:\/\/www.metalsuncgi.com\/es\/wp-json\/wp\/v2\/users\/1"}],"replies":[{"embeddable":true,"href":"https:\/\/www.metalsuncgi.com\/es\/wp-json\/wp\/v2\/comments?post=88"}],"version-history":[{"count":44,"href":"https:\/\/www.metalsuncgi.com\/es\/wp-json\/wp\/v2\/pages\/88\/revisions"}],"predecessor-version":[{"id":1068,"href":"https:\/\/www.metalsuncgi.com\/es\/wp-json\/wp\/v2\/pages\/88\/revisions\/1068"}],"wp:attachment":[{"href":"https:\/\/www.metalsuncgi.com\/es\/wp-json\/wp\/v2\/media?parent=88"}],"curies":[{"name":"wp","href":"https:\/\/api.w.org\/{rel}","templated":true}]}}