{"id":82,"date":"2016-01-24T11:03:56","date_gmt":"2016-01-24T15:03:56","guid":{"rendered":"http:\/\/www.metalsuncgi.com\/?page_id=82"},"modified":"2016-02-16T21:54:30","modified_gmt":"2016-02-17T01:54:30","slug":"digital-photo-manipulation","status":"publish","type":"page","link":"https:\/\/www.metalsuncgi.com\/es\/services\/digital-photo-manipulation\/","title":{"rendered":"Manipulaci\u00f3n de Im\u00e1genes"},"content":{"rendered":"<p><img loading=\"lazy\" decoding=\"async\" class=\"alignleft wp-image-703\" src=\"https:\/\/www.metalsuncgi.com\/wp-content\/uploads\/2016\/02\/Carnado-456x640-214x300.jpg\" alt=\"Carnado-456x640\" width=\"181\" height=\"254\" srcset=\"https:\/\/www.metalsuncgi.com\/wp-content\/uploads\/2016\/02\/Carnado-456x640-214x300.jpg 214w, https:\/\/www.metalsuncgi.com\/wp-content\/uploads\/2016\/02\/Carnado-456x640-107x150.jpg 107w, https:\/\/www.metalsuncgi.com\/wp-content\/uploads\/2016\/02\/Carnado-456x640.jpg 456w\" sizes=\"auto, (max-width: 181px) 100vw, 181px\" \/><\/p>\n<p>\u00bfNecesita modificar una imagen existente para reflejar una nueva direcci\u00f3n en su mensaje? \u00bfDesea restaurar, cambiar el estado an\u00edmico, reemplazar o modificar elementos dentro de una imagen? Ciertamente, nosotros le podemos ayudar, como tambi\u00e9n integrar objetos en 3d a la medida sobre su trabajo en 2d.<\/p>\n<p>No existen l\u00edmites cuando utiliza nuestro servicio de Manipulaci\u00f3n de Im\u00e1genes. Si hay que cambiar algo para la promoci\u00f3n de un producto existente, no hay necesidad retomar otra cesi\u00f3n fotogr\u00e1fica. Podemos incorporar los nuevos cambios perfectamente. Como tambi\u00e9n integrar un objeto primario o secundario, hecho a la medida en 3d, en su perspectiva correcta sobre la imagen original. Su imaginaci\u00f3n es m\u00e1s que bienvenida y combinada con nuestras habilidades creativas, podemos proveerle una imagen que le pueda brindar mucho orgullo.<\/p>","protected":false},"excerpt":{"rendered":"<p>\u00bfNecesita modificar una imagen existente para reflejar una nueva direcci\u00f3n en su mensaje? \u00bfDesea restaurar, cambiar el estado an\u00edmico, reemplazar o modificar elementos dentro de una imagen? Ciertamente, nosotros le podemos ayudar, como tambi\u00e9n integrar objetos en 3d a la medida sobre su trabajo en 2d. No existen l\u00edmites cuando utiliza nuestro servicio de Manipulaci\u00f3n&#8230; <\/p>\n","protected":false},"author":1,"featured_media":0,"parent":64,"menu_order":4,"comment_status":"closed","ping_status":"closed","template":"","meta":{"_exactmetrics_skip_tracking":false,"_exactmetrics_sitenote_active":false,"_exactmetrics_sitenote_note":"","_exactmetrics_sitenote_category":0,"ngg_post_thumbnail":0,"footnotes":""},"class_list":["post-82","page","type-page","status-publish","hentry"],"_links":{"self":[{"href":"https:\/\/www.metalsuncgi.com\/es\/wp-json\/wp\/v2\/pages\/82","targetHints":{"allow":["GET"]}}],"collection":[{"href":"https:\/\/www.metalsuncgi.com\/es\/wp-json\/wp\/v2\/pages"}],"about":[{"href":"https:\/\/www.metalsuncgi.com\/es\/wp-json\/wp\/v2\/types\/page"}],"author":[{"embeddable":true,"href":"https:\/\/www.metalsuncgi.com\/es\/wp-json\/wp\/v2\/users\/1"}],"replies":[{"embeddable":true,"href":"https:\/\/www.metalsuncgi.com\/es\/wp-json\/wp\/v2\/comments?post=82"}],"version-history":[{"count":11,"href":"https:\/\/www.metalsuncgi.com\/es\/wp-json\/wp\/v2\/pages\/82\/revisions"}],"predecessor-version":[{"id":879,"href":"https:\/\/www.metalsuncgi.com\/es\/wp-json\/wp\/v2\/pages\/82\/revisions\/879"}],"up":[{"embeddable":true,"href":"https:\/\/www.metalsuncgi.com\/es\/wp-json\/wp\/v2\/pages\/64"}],"wp:attachment":[{"href":"https:\/\/www.metalsuncgi.com\/es\/wp-json\/wp\/v2\/media?parent=82"}],"curies":[{"name":"wp","href":"https:\/\/api.w.org\/{rel}","templated":true}]}}