{"id":80,"date":"2016-01-24T11:03:08","date_gmt":"2016-01-24T15:03:08","guid":{"rendered":"http:\/\/www.metalsuncgi.com\/?page_id=80"},"modified":"2016-02-17T14:48:58","modified_gmt":"2016-02-17T18:48:58","slug":"3d-prototype-printing","status":"publish","type":"page","link":"https:\/\/www.metalsuncgi.com\/es\/services\/3d-prototype-printing\/","title":{"rendered":"Impresos de Prototipos en 3d"},"content":{"rendered":"<p><img loading=\"lazy\" decoding=\"async\" class=\"alignleft size-medium wp-image-105\" src=\"https:\/\/www.metalsuncgi.com\/wp-content\/uploads\/2016\/01\/3d-Printed-Arch-Model-300x200.jpg\" alt=\"3d-Printed-Arch-Model\" width=\"300\" height=\"200\" srcset=\"https:\/\/www.metalsuncgi.com\/wp-content\/uploads\/2016\/01\/3d-Printed-Arch-Model-300x200.jpg 300w, https:\/\/www.metalsuncgi.com\/wp-content\/uploads\/2016\/01\/3d-Printed-Arch-Model-150x100.jpg 150w, https:\/\/www.metalsuncgi.com\/wp-content\/uploads\/2016\/01\/3d-Printed-Arch-Model.jpg 600w\" sizes=\"auto, (max-width: 300px) 100vw, 300px\" \/><\/p>\n<p>\u00c9ste servicio es una extensi\u00f3n de su flujo de trabajo en su Dise\u00f1o de Productos y un suplemento a nuestros servicios de Visualizaciones de Productos. Cuando un dise\u00f1o de edificio o producto est\u00e1 en sus etapas finales de aprobaci\u00f3n, un prototipo f\u00edsico cierra el negocio.<\/p>\n<p>Con la tecnolog\u00eda de hoy, una impresora de 3d se encargar\u00e1 de la construcci\u00f3n del prototipo. Dado que ya hemos desarrollado conjuntamente un modelo en 3d de su proyecto, es poca tarea para que nosotros preparar el modelo computadorizado para imprimir en 3d. Existen limitaciones en cuanto al tama\u00f1o del objeto por el tama\u00f1o de la impresora pero estas se pueden superar al imprimir en secciones m\u00e1s peque\u00f1as y ensambladas a su escala deseada.<\/p>\n<p>Esta tecnolog\u00eda elimina la necesidad para que un arquitecto\/dise\u00f1ador invierta d\u00edas o semanas construyendo una maqueta arquitect\u00f3nica. Puedes evitar tener un trabajador especializado construyendo muebles o piezas met\u00e1licas como moldes para un prototipo en pl\u00e1stico que quiz\u00e1s ser\u00e1 redise\u00f1ado cuando termine. Puede aprovecharse de las ventajas de imprimir en 3d el prototipo a una fracci\u00f3n del costo, m\u00faltiples de veces si es necesario  y  luego al ser aprobado, enviarlo a construir o fabricar.<br \/>\n<\/p>","protected":false},"excerpt":{"rendered":"<p>\u00c9ste servicio es una extensi\u00f3n de su flujo de trabajo en su Dise\u00f1o de Productos y un suplemento a nuestros servicios de Visualizaciones de Productos. Cuando un dise\u00f1o de edificio o producto est\u00e1 en sus etapas finales de aprobaci\u00f3n, un prototipo f\u00edsico cierra el negocio. Con la tecnolog\u00eda de hoy, una impresora de 3d se&#8230; <\/p>\n","protected":false},"author":1,"featured_media":0,"parent":64,"menu_order":3,"comment_status":"closed","ping_status":"closed","template":"","meta":{"_exactmetrics_skip_tracking":false,"_exactmetrics_sitenote_active":false,"_exactmetrics_sitenote_note":"","_exactmetrics_sitenote_category":0,"ngg_post_thumbnail":0,"footnotes":""},"class_list":["post-80","page","type-page","status-publish","hentry"],"_links":{"self":[{"href":"https:\/\/www.metalsuncgi.com\/es\/wp-json\/wp\/v2\/pages\/80","targetHints":{"allow":["GET"]}}],"collection":[{"href":"https:\/\/www.metalsuncgi.com\/es\/wp-json\/wp\/v2\/pages"}],"about":[{"href":"https:\/\/www.metalsuncgi.com\/es\/wp-json\/wp\/v2\/types\/page"}],"author":[{"embeddable":true,"href":"https:\/\/www.metalsuncgi.com\/es\/wp-json\/wp\/v2\/users\/1"}],"replies":[{"embeddable":true,"href":"https:\/\/www.metalsuncgi.com\/es\/wp-json\/wp\/v2\/comments?post=80"}],"version-history":[{"count":15,"href":"https:\/\/www.metalsuncgi.com\/es\/wp-json\/wp\/v2\/pages\/80\/revisions"}],"predecessor-version":[{"id":889,"href":"https:\/\/www.metalsuncgi.com\/es\/wp-json\/wp\/v2\/pages\/80\/revisions\/889"}],"up":[{"embeddable":true,"href":"https:\/\/www.metalsuncgi.com\/es\/wp-json\/wp\/v2\/pages\/64"}],"wp:attachment":[{"href":"https:\/\/www.metalsuncgi.com\/es\/wp-json\/wp\/v2\/media?parent=80"}],"curies":[{"name":"wp","href":"https:\/\/api.w.org\/{rel}","templated":true}]}}