{"id":78,"date":"2016-01-24T11:00:09","date_gmt":"2016-01-24T15:00:09","guid":{"rendered":"http:\/\/www.metalsuncgi.com\/?page_id=78"},"modified":"2016-02-17T14:22:50","modified_gmt":"2016-02-17T18:22:50","slug":"product-visualizations","status":"publish","type":"page","link":"https:\/\/www.metalsuncgi.com\/es\/services\/product-visualizations\/","title":{"rendered":"Visualizaciones de Productos"},"content":{"rendered":"<p><img loading=\"lazy\" decoding=\"async\" class=\"alignleft size-medium wp-image-804\" src=\"https:\/\/www.metalsuncgi.com\/wp-content\/uploads\/2016\/02\/Dinning-Table-1903x892-300x141.jpg\" alt=\"Dinning-Table-1903x892\" width=\"300\" height=\"141\" srcset=\"https:\/\/www.metalsuncgi.com\/wp-content\/uploads\/2016\/02\/Dinning-Table-1903x892-300x141.jpg 300w, https:\/\/www.metalsuncgi.com\/wp-content\/uploads\/2016\/02\/Dinning-Table-1903x892-150x70.jpg 150w, https:\/\/www.metalsuncgi.com\/wp-content\/uploads\/2016\/02\/Dinning-Table-1903x892-1024x480.jpg 1024w, https:\/\/www.metalsuncgi.com\/wp-content\/uploads\/2016\/02\/Dinning-Table-1903x892.jpg 1903w\" sizes=\"auto, (max-width: 300px) 100vw, 300px\" \/><\/p>\n<p>Sin importar si son muebles, bebidas o un prototipo industrial, podemos proveerle las im\u00e1genes necesarias para ayudarlos en su desarrollo o publicidad. No habr\u00e1 necesidad para invertir en prototipos f\u00edsicos, enviarlos de sitio en sitio o contratar a un fot\u00f3grafo profesional.<\/p>\n<p>Aqu\u00ed, en Metalsun, le podemos asistir en el desarrollo de su producto. D\u00e9jenos saber sus requisitos y permita que nuestras visualizaciones ayuden definir la est\u00e9tica, texturas y materiales. La informaci\u00f3n y calidad de estas im\u00e1genes reales son tan valiosas, que como mencion\u00e9 anteriormente, los beneficios indiscutibles.<\/p>\n<p>Las gr\u00e1ficas generadas por computadoras en 3d han avanzado tanto que usted puede recibir una gran sorpresa si se entera de cu\u00e1n obicuo es su presencia en las promociones contempor\u00e1nea. Como tal, usted tambi\u00e9n puede beneficiarse de las econom\u00edas por el uso de estas tecnolog\u00edas. Favor de considerarnos y sea parte de esta tendencia en crecimiento.<\/p>","protected":false},"excerpt":{"rendered":"<p>Sin importar si son muebles, bebidas o un prototipo industrial, podemos proveerle las im\u00e1genes necesarias para ayudarlos en su desarrollo o publicidad. No habr\u00e1 necesidad para invertir en prototipos f\u00edsicos, enviarlos de sitio en sitio o contratar a un fot\u00f3grafo profesional. Aqu\u00ed, en Metalsun, le podemos asistir en el desarrollo de su producto. D\u00e9jenos saber&#8230; <\/p>\n","protected":false},"author":1,"featured_media":0,"parent":64,"menu_order":2,"comment_status":"closed","ping_status":"closed","template":"","meta":{"_exactmetrics_skip_tracking":false,"_exactmetrics_sitenote_active":false,"_exactmetrics_sitenote_note":"","_exactmetrics_sitenote_category":0,"ngg_post_thumbnail":0,"footnotes":""},"class_list":["post-78","page","type-page","status-publish","hentry"],"_links":{"self":[{"href":"https:\/\/www.metalsuncgi.com\/es\/wp-json\/wp\/v2\/pages\/78","targetHints":{"allow":["GET"]}}],"collection":[{"href":"https:\/\/www.metalsuncgi.com\/es\/wp-json\/wp\/v2\/pages"}],"about":[{"href":"https:\/\/www.metalsuncgi.com\/es\/wp-json\/wp\/v2\/types\/page"}],"author":[{"embeddable":true,"href":"https:\/\/www.metalsuncgi.com\/es\/wp-json\/wp\/v2\/users\/1"}],"replies":[{"embeddable":true,"href":"https:\/\/www.metalsuncgi.com\/es\/wp-json\/wp\/v2\/comments?post=78"}],"version-history":[{"count":8,"href":"https:\/\/www.metalsuncgi.com\/es\/wp-json\/wp\/v2\/pages\/78\/revisions"}],"predecessor-version":[{"id":888,"href":"https:\/\/www.metalsuncgi.com\/es\/wp-json\/wp\/v2\/pages\/78\/revisions\/888"}],"up":[{"embeddable":true,"href":"https:\/\/www.metalsuncgi.com\/es\/wp-json\/wp\/v2\/pages\/64"}],"wp:attachment":[{"href":"https:\/\/www.metalsuncgi.com\/es\/wp-json\/wp\/v2\/media?parent=78"}],"curies":[{"name":"wp","href":"https:\/\/api.w.org\/{rel}","templated":true}]}}