{"id":75,"date":"2016-01-24T10:53:25","date_gmt":"2016-01-24T14:53:25","guid":{"rendered":"http:\/\/www.metalsuncgi.com\/?page_id=75"},"modified":"2016-02-16T17:37:21","modified_gmt":"2016-02-16T21:37:21","slug":"architectural-interiors-2-2","status":"publish","type":"page","link":"https:\/\/www.metalsuncgi.com\/es\/services\/architectural-interiors-2-2\/","title":{"rendered":"Interiores Arquitect\u00f3nicos"},"content":{"rendered":"<p><img loading=\"lazy\" decoding=\"async\" class=\"alignleft wp-image-812 size-medium\" src=\"https:\/\/www.metalsuncgi.com\/wp-content\/uploads\/2016\/02\/Rustic-Kitchen-1903x892-300x141.jpg\" alt=\"Rustic-Kitchen-1903x892\" width=\"300\" height=\"141\" srcset=\"https:\/\/www.metalsuncgi.com\/wp-content\/uploads\/2016\/02\/Rustic-Kitchen-1903x892-300x141.jpg 300w, https:\/\/www.metalsuncgi.com\/wp-content\/uploads\/2016\/02\/Rustic-Kitchen-1903x892-150x70.jpg 150w, https:\/\/www.metalsuncgi.com\/wp-content\/uploads\/2016\/02\/Rustic-Kitchen-1903x892-1024x480.jpg 1024w, https:\/\/www.metalsuncgi.com\/wp-content\/uploads\/2016\/02\/Rustic-Kitchen-1903x892.jpg 1903w\" sizes=\"auto, (max-width: 300px) 100vw, 300px\" \/><\/p>\n<p>Un texto descriptivo, dibujos t\u00e9cnicos (CAD) o muestras de materiales, muchas veces no comunican los detalles completos de un dise\u00f1o de interiores. Como dise\u00f1ador, usted se puede beneficiar de nuestra atenci\u00f3n a los detalles y talento desarrollado. \u00a1Te vamos a hacer quedar bien!<\/p>\n<p>Sin importar si es parte de un dise\u00f1o embarcador nuevo o el interior de una estructura existente, el dise\u00f1o de interiores conserva el mayor inter\u00e9s emocional para sus clientes. Es en los detalles que ellos reflejan sus personalidades pero necesitan su ayuda para darle coherencia. Aqu\u00ed, en Metalsun, vamos a reproducir todos los materiales, muebles, elementos arquitect\u00f3nicos y alumbrado (d\u00eda o noche) que usted especifique.<\/p>\n<p>Nuestras im\u00e1genes fotorealistas les ayudar\u00e1n explicar su propuesta a sus clientes de una manera que les haga sentido. He escuchado este comentario sin n\u00fameros de veces cuando le he presentado un dibujo arquitect\u00f3nico o dibujo a mano a clientes o administradores, \u201cRealmente no lo \u2018veo\u2019, pues tendr\u00e9 que esperar hasta que se construya.\u201d Apuesto que usted tambi\u00e9n. No todos est\u00e1n en nuestra industria, por lo tanto, una im\u00e1gen fotorealista de gr\u00e1ficas generada por computadoras nos ahorra muchas explicaciones. Escoja a Metalsun, impresione a sus clientes y coincida en sus expectativas cuando su proyecto haya concluido.<\/p>","protected":false},"excerpt":{"rendered":"<p>Un texto descriptivo, dibujos t\u00e9cnicos (CAD) o muestras de materiales, muchas veces no comunican los detalles completos de un dise\u00f1o de interiores. Como dise\u00f1ador, usted se puede beneficiar de nuestra atenci\u00f3n a los detalles y talento desarrollado. \u00a1Te vamos a hacer quedar bien! Sin importar si es parte de un dise\u00f1o embarcador nuevo o el&#8230; <\/p>\n","protected":false},"author":1,"featured_media":0,"parent":64,"menu_order":1,"comment_status":"closed","ping_status":"closed","template":"","meta":{"_exactmetrics_skip_tracking":false,"_exactmetrics_sitenote_active":false,"_exactmetrics_sitenote_note":"","_exactmetrics_sitenote_category":0,"ngg_post_thumbnail":0,"footnotes":""},"class_list":["post-75","page","type-page","status-publish","hentry"],"_links":{"self":[{"href":"https:\/\/www.metalsuncgi.com\/es\/wp-json\/wp\/v2\/pages\/75","targetHints":{"allow":["GET"]}}],"collection":[{"href":"https:\/\/www.metalsuncgi.com\/es\/wp-json\/wp\/v2\/pages"}],"about":[{"href":"https:\/\/www.metalsuncgi.com\/es\/wp-json\/wp\/v2\/types\/page"}],"author":[{"embeddable":true,"href":"https:\/\/www.metalsuncgi.com\/es\/wp-json\/wp\/v2\/users\/1"}],"replies":[{"embeddable":true,"href":"https:\/\/www.metalsuncgi.com\/es\/wp-json\/wp\/v2\/comments?post=75"}],"version-history":[{"count":12,"href":"https:\/\/www.metalsuncgi.com\/es\/wp-json\/wp\/v2\/pages\/75\/revisions"}],"predecessor-version":[{"id":866,"href":"https:\/\/www.metalsuncgi.com\/es\/wp-json\/wp\/v2\/pages\/75\/revisions\/866"}],"up":[{"embeddable":true,"href":"https:\/\/www.metalsuncgi.com\/es\/wp-json\/wp\/v2\/pages\/64"}],"wp:attachment":[{"href":"https:\/\/www.metalsuncgi.com\/es\/wp-json\/wp\/v2\/media?parent=75"}],"curies":[{"name":"wp","href":"https:\/\/api.w.org\/{rel}","templated":true}]}}