{"id":73,"date":"2016-01-24T10:49:52","date_gmt":"2016-01-24T14:49:52","guid":{"rendered":"http:\/\/www.metalsuncgi.com\/?page_id=73"},"modified":"2016-02-16T16:40:45","modified_gmt":"2016-02-16T20:40:45","slug":"architectural-exteriors","status":"publish","type":"page","link":"https:\/\/www.metalsuncgi.com\/es\/services\/architectural-exteriors\/","title":{"rendered":"Exteriores Arquitect\u00f3nicos"},"content":{"rendered":"<p><img loading=\"lazy\" decoding=\"async\" class=\"alignleft size-medium wp-image-47\" src=\"https:\/\/www.metalsuncgi.com\/wp-content\/uploads\/2016\/01\/Exterior-Rain-Forest-House-1903x892-300x141.jpg\" alt=\"Exterior-Rain-Forest-House-1903x892\" width=\"300\" height=\"141\" srcset=\"https:\/\/www.metalsuncgi.com\/wp-content\/uploads\/2016\/01\/Exterior-Rain-Forest-House-1903x892-300x141.jpg 300w, https:\/\/www.metalsuncgi.com\/wp-content\/uploads\/2016\/01\/Exterior-Rain-Forest-House-1903x892-150x70.jpg 150w, https:\/\/www.metalsuncgi.com\/wp-content\/uploads\/2016\/01\/Exterior-Rain-Forest-House-1903x892-1024x480.jpg 1024w, https:\/\/www.metalsuncgi.com\/wp-content\/uploads\/2016\/01\/Exterior-Rain-Forest-House-1903x892.jpg 1903w\" sizes=\"auto, (max-width: 300px) 100vw, 300px\" \/><\/p>\n<p>Podemos proveerle reproducciones exteriores fotorealistas de sus proyectos arquitect\u00f3nicos. Quiz\u00e1s est\u00e1 desarrollando un dise\u00f1o nuevo de construcci\u00f3n o remodelando una estructura existente y necesita una imagen para \u00abvenderlo\u00bb.<\/p>\n<p>Luego de modelar el proyecto, se podr\u00e1 reproducir y estudiar como \u00e9ste afecta o es afectado por sus alrededores. Vea como la luz, solar o artificial, colorea los espacios. Usted puede estudiar el dise\u00f1o utilizando distintos materiales fieles al mundo f\u00edsico.<\/p>\n<p>Im\u00e1genes fotorealistas ponen en exhibici\u00f3n esa visi\u00f3n art\u00edstica que ha tenido por a\u00f1os y le dan \u00abvida\u00bb a esos proyectos te\u00f3ricos o acad\u00e9micos. Perm\u00edtele a su comunidad profesional\u00a0disfrutar de\u00a0sus dise\u00f1os en un mundo preciso, art\u00edstico y lleno de detalles. Pres\u00e9ntele de lo que usted es capaz. Quiz\u00e1s alguien le guste y lo comisiona.<\/p>\n<p>En mi opini\u00f3n, visualizaciones arquitect\u00f3nicas comerciales,\u00a0altamente estilizadas, accidentalmente\u00a0enfocan\u00a0en la\u00a0audiencia incorrecta. i.e. otros arquitectos, dise\u00f1adores o artistas.\u00a0Un comprador potencial desarrollar\u00e1 unas expectativas de lo que se va a construir, pero por la naturaleza estilizada del dibujo, los resultados ser\u00e1n muy distintos. El sentido com\u00fan nos dicta que uno debe presentar lo que realmente va a construir y solamente\u00a0im\u00e1genes fotorealistas crean expectaciones alcanzables.<\/p>","protected":false},"excerpt":{"rendered":"<p>Podemos proveerle reproducciones exteriores fotorealistas de sus proyectos arquitect\u00f3nicos. Quiz\u00e1s est\u00e1 desarrollando un dise\u00f1o nuevo de construcci\u00f3n o remodelando una estructura existente y necesita una imagen para \u00abvenderlo\u00bb. Luego de modelar el proyecto, se podr\u00e1 reproducir y estudiar como \u00e9ste afecta o es afectado por sus alrededores. Vea como la luz, solar o artificial, colorea&#8230; <\/p>\n","protected":false},"author":1,"featured_media":0,"parent":64,"menu_order":0,"comment_status":"closed","ping_status":"closed","template":"","meta":{"_exactmetrics_skip_tracking":false,"_exactmetrics_sitenote_active":false,"_exactmetrics_sitenote_note":"","_exactmetrics_sitenote_category":0,"ngg_post_thumbnail":0,"footnotes":""},"class_list":["post-73","page","type-page","status-publish","hentry"],"_links":{"self":[{"href":"https:\/\/www.metalsuncgi.com\/es\/wp-json\/wp\/v2\/pages\/73","targetHints":{"allow":["GET"]}}],"collection":[{"href":"https:\/\/www.metalsuncgi.com\/es\/wp-json\/wp\/v2\/pages"}],"about":[{"href":"https:\/\/www.metalsuncgi.com\/es\/wp-json\/wp\/v2\/types\/page"}],"author":[{"embeddable":true,"href":"https:\/\/www.metalsuncgi.com\/es\/wp-json\/wp\/v2\/users\/1"}],"replies":[{"embeddable":true,"href":"https:\/\/www.metalsuncgi.com\/es\/wp-json\/wp\/v2\/comments?post=73"}],"version-history":[{"count":29,"href":"https:\/\/www.metalsuncgi.com\/es\/wp-json\/wp\/v2\/pages\/73\/revisions"}],"predecessor-version":[{"id":863,"href":"https:\/\/www.metalsuncgi.com\/es\/wp-json\/wp\/v2\/pages\/73\/revisions\/863"}],"up":[{"embeddable":true,"href":"https:\/\/www.metalsuncgi.com\/es\/wp-json\/wp\/v2\/pages\/64"}],"wp:attachment":[{"href":"https:\/\/www.metalsuncgi.com\/es\/wp-json\/wp\/v2\/media?parent=73"}],"curies":[{"name":"wp","href":"https:\/\/api.w.org\/{rel}","templated":true}]}}