{"id":64,"date":"2016-01-24T10:28:10","date_gmt":"2016-01-24T14:28:10","guid":{"rendered":"http:\/\/www.metalsuncgi.com\/?page_id=64"},"modified":"2016-03-08T13:33:15","modified_gmt":"2016-03-08T17:33:15","slug":"services","status":"publish","type":"page","link":"https:\/\/www.metalsuncgi.com\/es\/services\/","title":{"rendered":"Servicios"},"content":{"rendered":"<p><div id=\"services-box\">\r\n\t\t\t\t<img decoding=\"async\" src=\"https:\/\/www.metalsuncgi.com\/wp-content\/uploads\/2016\/01\/Arch-Exterior-Icon-76x51.png\" \/>\r\n\t\t\t\t<h2>Exteriores <span>Arquitect\u00f3nicos<\/span><\/h2>\r\n\t\t\t\t<p>Podemos proveerle reproducciones exteriores fotorealistas de sus proyectos arquitect\u00f3nicos. Quiz\u00e1s est\u00e1 desarrollando un dise\u00f1o nuevo de construcci\u00f3n o remodelando una estructura existente y necesita una imagen para \u00abvenderlo\u00bb.<\/p>\r\n\t\t\t\t<a class=\"read-more\" href=\"https:\/\/www.metalsuncgi.com\/services\/architectural-exteriors\/\">Leer M\u00e1s<\/a>\r\n\t\t\t\t<\/div><div id=\"services-box\">\r\n\t\t\t\t<img decoding=\"async\" src=\"https:\/\/www.metalsuncgi.com\/wp-content\/uploads\/2016\/01\/Arch-Interior-Icon-76x51.png\" \/>\r\n\t\t\t\t<h2>Interiores <span>Arquitect\u00f3nicos<\/span><\/h2>\r\n\t\t\t\t<p>Una descripci\u00f3n, dibujos t\u00e9cnicos o muestras de materiales, muchas veces no comunican todos los detalles de un dise\u00f1o de interiores. Como dise\u00f1ador, usted se puede beneficiar de nuestra atenci\u00f3n a los detalles y talento desarrollado.<\/p>\r\n\t\t\t\t<a class=\"read-more\" href=\"https:\/\/www.metalsuncgi.com\/services\/architectural-interiors-2-2\/\">Leer M\u00e1s<\/a>\r\n\t\t\t\t<\/div><div id=\"services-box\">\r\n\t\t\t\t<img decoding=\"async\" src=\"https:\/\/www.metalsuncgi.com\/wp-content\/uploads\/2016\/01\/Product-Icon-76x51.png\" \/>\r\n\t\t\t\t<h2>Visualizaciones de <span>Productos<\/span><\/h2>\r\n\t\t\t\t<p>Si son muebles, bebidas o un prototipo industrial, proveemos las im\u00e1genes necesarias para ayudarlos en su desarrollo o publicidad. No habr\u00e1 necesidad para invertir en prototipos f\u00edsicos, enviarlos de sitio en sitio o a un fot\u00f3grafo profesional.<\/p>\r\n\t\t\t\t<a class=\"read-more\" href=\"https:\/\/www.metalsuncgi.com\/services\/product-visualizations\/\">Leer M\u00e1s<\/a>\r\n\t\t\t\t<\/div><div id=\"services-box\">\r\n\t\t\t\t<img decoding=\"async\" src=\"https:\/\/www.metalsuncgi.com\/wp-content\/uploads\/2016\/01\/3D-Printer-Icon-76x51.png\" \/>\r\n\t\t\t\t<h2>Impresos de <span>Prototipos en 3d<\/span><\/h2>\r\n\t\t\t\t<p>Una extensi\u00f3n de su flujo de trabajo en su Dise\u00f1o de Productos y suplemento a nuestros servicios de Visualizaciones de Productos. Cuando un dise\u00f1o de edificio o producto est\u00e1 listo para su aprobaci\u00f3n, un prototipo f\u00edsico puede cerrar el negocio.<\/p>\r\n\t\t\t\t<a class=\"read-more\" href=\"https:\/\/www.metalsuncgi.com\/services\/3d-prototype-printing\/\">Leer M\u00e1s<\/a>\r\n\t\t\t\t<\/div><div id=\"services-box\">\r\n\t\t\t\t<img decoding=\"async\" src=\"https:\/\/www.metalsuncgi.com\/wp-content\/uploads\/2016\/01\/Manipulation-Icon-76x51.png\" \/>\r\n\t\t\t\t<h2>Manipulaci\u00f3n de <span>Im\u00e1genes<\/span><\/h2>\r\n\t\t\t\t<p>\u00bfNecesita modificar una imagen existente para reflejar una nueva direcci\u00f3n en su mensaje? \u00bfDesea restaurar, cambiar el estado an\u00edmico, reemplazar o modificar elementos dentro de una imagen? Ciertamente, nosotros le podemos ayudar.<\/p>\r\n\t\t\t\t<a class=\"read-more\" href=\"https:\/\/www.metalsuncgi.com\/services\/digital-photo-manipulation\/\">Leer M\u00e1s<\/a>\r\n\t\t\t\t<\/div><div id=\"services-box\">\r\n\t\t\t\t<img decoding=\"async\" src=\"https:\/\/www.metalsuncgi.com\/wp-content\/uploads\/2016\/03\/AR-Icon-76x51.png\" \/>\r\n\t\t\t\t<h2>RA-Realidad <span>Aumentada<\/span><\/h2>\r\n\t\t\t\t<p>\u00c9ste servicio est\u00e1 en desarrollo. Cuando ya no es pr\u00e1ctico experimentar la realidad virtual, entonces la RA podr\u00e1 suplementar su trabajo. Permita que sus clientes vean la vida real mejorada con sus dise\u00f1os en 3d como si fueran hologramas.<\/p>\r\n\t\t\t\t<a class=\"read-more\" href=\"https:\/\/www.metalsuncgi.com\/services\/augmented-reality-ar\/\">Leer M\u00e1s<\/a>\r\n\t\t\t\t<\/div><div id=\"services-box\">\r\n\t\t\t\t<img decoding=\"async\" src=\"https:\/\/www.metalsuncgi.com\/wp-content\/uploads\/2016\/03\/RT-Icon-76x51.png\" \/>\r\n\t\t\t\t<h2>TR-Reproducciones <span>Tiempo-real<\/span><\/h2>\r\n\t\t\t\t<p>\u00c9ste servicio est\u00e1 en desarrollo. Crear videos hiper-fotorealista son costosos para producir. Pero, avances en otras tecnolog\u00edas reproducen resultados similares con mayor libertad de movimiento dentro del ambiente 3d.<\/p>\r\n\t\t\t\t<a class=\"read-more\" href=\"https:\/\/www.metalsuncgi.com\/services\/real-time-rendering-rt\/\">Leer M\u00e1s<\/a>\r\n\t\t\t\t<\/div><div id=\"services-box\">\r\n\t\t\t\t<img decoding=\"async\" src=\"https:\/\/www.metalsuncgi.com\/wp-content\/uploads\/2016\/03\/VR-Icon-76x51.png\" \/>\r\n\t\t\t\t<h2>RV - Realidad <span>Virtual<\/span><\/h2>\r\n\t\t\t\t<p>\u00c9ste servicio est\u00e1 en desarrollo. Sus clientes experimentar\u00e1n una inmersi\u00f3n total. La percepci\u00f3n mejorada que uno adquiere al montarse un visor de 3d a\u00f1ade valor a su trabajo y le ayudar\u00eda a sus clients apreciar su dise\u00f1o.<\/p>\r\n\t\t\t\t<a class=\"read-more\" href=\"https:\/\/www.metalsuncgi.com\/services\/virtual-reality-vr\/\">Leer M\u00e1s<\/a>\r\n\t\t\t\t<\/div><\/p>","protected":false},"excerpt":{"rendered":"<p>Disculpa, pero esta entrada est\u00e1 disponible s\u00f3lo en English.<\/p>\n","protected":false},"author":1,"featured_media":0,"parent":0,"menu_order":1,"comment_status":"closed","ping_status":"closed","template":"full-width.php","meta":{"_exactmetrics_skip_tracking":false,"_exactmetrics_sitenote_active":false,"_exactmetrics_sitenote_note":"","_exactmetrics_sitenote_category":0,"ngg_post_thumbnail":0,"footnotes":""},"class_list":["post-64","page","type-page","status-publish","hentry"],"_links":{"self":[{"href":"https:\/\/www.metalsuncgi.com\/es\/wp-json\/wp\/v2\/pages\/64","targetHints":{"allow":["GET"]}}],"collection":[{"href":"https:\/\/www.metalsuncgi.com\/es\/wp-json\/wp\/v2\/pages"}],"about":[{"href":"https:\/\/www.metalsuncgi.com\/es\/wp-json\/wp\/v2\/types\/page"}],"author":[{"embeddable":true,"href":"https:\/\/www.metalsuncgi.com\/es\/wp-json\/wp\/v2\/users\/1"}],"replies":[{"embeddable":true,"href":"https:\/\/www.metalsuncgi.com\/es\/wp-json\/wp\/v2\/comments?post=64"}],"version-history":[{"count":15,"href":"https:\/\/www.metalsuncgi.com\/es\/wp-json\/wp\/v2\/pages\/64\/revisions"}],"predecessor-version":[{"id":973,"href":"https:\/\/www.metalsuncgi.com\/es\/wp-json\/wp\/v2\/pages\/64\/revisions\/973"}],"wp:attachment":[{"href":"https:\/\/www.metalsuncgi.com\/es\/wp-json\/wp\/v2\/media?parent=64"}],"curies":[{"name":"wp","href":"https:\/\/api.w.org\/{rel}","templated":true}]}}